{"id":101,"date":"2023-11-21T16:52:29","date_gmt":"2023-11-21T15:52:29","guid":{"rendered":"https:\/\/wbogner.com\/?page_id=101"},"modified":"2024-02-20T15:12:50","modified_gmt":"2024-02-20T14:12:50","slug":"campingcards","status":"publish","type":"page","link":"https:\/\/wbogner.com\/index.php\/campingcards\/","title":{"rendered":"Campingcards"},"content":{"rendered":"\n<p>Auf dieser Seite m\u00f6chte ich einige Campingcards vorstellen. Ich unterscheide hier zwischen<\/p>\n\n\n\n<ul class=\"wp-block-list\">\n<li>Karten von Campingclubs (z.B. Camping Club Austria)\n<ul class=\"wp-block-list\">\n<li>\u00d6sterreich: Camping Card International<\/li>\n\n\n\n<li>Deutschland: ADAC Campcard<\/li>\n\n\n\n<li>Gro\u00dfbritannien: Caravan and Motorhome Club<\/li>\n\n\n\n<li>Gro\u00dfbritannien: Camping and Caravaning Club<\/li>\n\n\n\n<li>Schweden: Camping Key Europe<\/li>\n<\/ul>\n<\/li>\n\n\n\n<li>Karten von FEFI (F\u00e9d\u00e9ration Europ\u00e9enne de la Formule Invitations) f\u00fcr ein bestimmtes Land: <br>Gegen eine geringe Jahresgeb\u00fchr kann man hier kostenlos bei Brauereien, Bauernh\u00f6fen, K\u00e4sereien, Winzereien, oder Pubs \u00fcbernachten.\n<ul class=\"wp-block-list\">\n<li>Frankreich: France Passion<\/li>\n\n\n\n<li>Deutschland: Landvergn\u00fcgen<\/li>\n\n\n\n<li>D\u00e4nemark: Pintrip<\/li>\n\n\n\n<li>Spanien: Espana Discovery<\/li>\n\n\n\n<li>Schweden: Swede Stops<\/li>\n\n\n\n<li>\u00d6sterreich: Bauernleben<\/li>\n\n\n\n<li>Gro\u00dfbritannien und Irland: Brit Stops<\/li>\n\n\n\n<li>Schweiz: Swiss Terroir<\/li>\n\n\n\n<li>Norwegen: Nortrip<\/li>\n\n\n\n<li>Italien: Agricamper Italia<\/li>\n<\/ul>\n<\/li>\n\n\n\n<li>Sonstige die oben nirgends dazupassen:\n<ul class=\"wp-block-list\">\n<li>Schweiz: Swiss Hosts<\/li>\n\n\n\n<li>Italien: GreenStop24<\/li>\n\n\n\n<li>Gro\u00dfbritannien: Motorhome Stopover<\/li>\n\n\n\n<li>Europa: CampingCard ACSI<\/li>\n<\/ul>\n<\/li>\n\n\n\n<li>Karten von Hotel- bzw. Campingketten\n<ul class=\"wp-block-list\">\n<li>Slowenien: Sava Hotels &amp; Resorts<\/li>\n\n\n\n<li>Slowenien: Autokampi.si<\/li>\n\n\n\n<li>Kroatien: Istra Camping Club<\/li>\n\n\n\n<li>Portugal: Orbitur Camping Club<\/li>\n<\/ul>\n<\/li>\n<\/ul>\n","protected":false},"excerpt":{"rendered":"<p>Auf dieser Seite m\u00f6chte ich einige Campingcards vorstellen. Ich unterscheide hier zwischen<\/p>\n","protected":false},"author":1,"featured_media":0,"parent":0,"menu_order":0,"comment_status":"closed","ping_status":"closed","template":"","meta":{"_monsterinsights_skip_tracking":false,"_monsterinsights_sitenote_active":false,"_monsterinsights_sitenote_note":"","_monsterinsights_sitenote_category":0,"footnotes":""},"class_list":["post-101","page","type-page","status-publish","hentry"],"aioseo_notices":[],"_links":{"self":[{"href":"https:\/\/wbogner.com\/index.php\/wp-json\/wp\/v2\/pages\/101","targetHints":{"allow":["GET"]}}],"collection":[{"href":"https:\/\/wbogner.com\/index.php\/wp-json\/wp\/v2\/pages"}],"about":[{"href":"https:\/\/wbogner.com\/index.php\/wp-json\/wp\/v2\/types\/page"}],"author":[{"embeddable":true,"href":"https:\/\/wbogner.com\/index.php\/wp-json\/wp\/v2\/users\/1"}],"replies":[{"embeddable":true,"href":"https:\/\/wbogner.com\/index.php\/wp-json\/wp\/v2\/comments?post=101"}],"version-history":[{"count":8,"href":"https:\/\/wbogner.com\/index.php\/wp-json\/wp\/v2\/pages\/101\/revisions"}],"predecessor-version":[{"id":190,"href":"https:\/\/wbogner.com\/index.php\/wp-json\/wp\/v2\/pages\/101\/revisions\/190"}],"wp:attachment":[{"href":"https:\/\/wbogner.com\/index.php\/wp-json\/wp\/v2\/media?parent=101"}],"curies":[{"name":"wp","href":"https:\/\/api.w.org\/{rel}","templated":true}]}}